{"id":1379,"date":"2024-09-02T12:11:30","date_gmt":"2024-09-02T12:11:30","guid":{"rendered":"https:\/\/ccigj.ro\/?page_id=1379"},"modified":"2026-01-14T18:36:11","modified_gmt":"2026-01-14T18:36:11","slug":"pro-formare","status":"publish","type":"page","link":"https:\/\/ccigj.ro\/?page_id=1379","title":{"rendered":"Pro Formare"},"content":{"rendered":"\n<figure class=\"wp-block-image size-large\"><img loading=\"lazy\" decoding=\"async\" width=\"1024\" height=\"249\" src=\"https:\/\/ccigj.ro\/wp-content\/uploads\/2024\/09\/logo-pro-formare-1024x249.png\" alt=\"\" class=\"wp-image-1399\" srcset=\"https:\/\/ccigj.ro\/wp-content\/uploads\/2024\/09\/logo-pro-formare-1024x249.png 1024w, https:\/\/ccigj.ro\/wp-content\/uploads\/2024\/09\/logo-pro-formare-300x73.png 300w, https:\/\/ccigj.ro\/wp-content\/uploads\/2024\/09\/logo-pro-formare-768x187.png 768w, https:\/\/ccigj.ro\/wp-content\/uploads\/2024\/09\/logo-pro-formare-1536x373.png 1536w, https:\/\/ccigj.ro\/wp-content\/uploads\/2024\/09\/logo-pro-formare.png 1563w\" sizes=\"auto, (max-width: 1024px) 100vw, 1024px\" \/><\/figure>\n\n\n\n<hr class=\"wp-block-separator has-alpha-channel-opacity\"\/>\n\n\n\n<figure class=\"wp-block-image size-large\"><img loading=\"lazy\" decoding=\"async\" width=\"724\" height=\"1024\" src=\"https:\/\/ccigj.ro\/wp-content\/uploads\/2025\/03\/Prezentare-curs-CD-724x1024.png\" alt=\"\" class=\"wp-image-1550\" srcset=\"https:\/\/ccigj.ro\/wp-content\/uploads\/2025\/03\/Prezentare-curs-CD-724x1024.png 724w, https:\/\/ccigj.ro\/wp-content\/uploads\/2025\/03\/Prezentare-curs-CD-212x300.png 212w, https:\/\/ccigj.ro\/wp-content\/uploads\/2025\/03\/Prezentare-curs-CD-768x1086.png 768w, https:\/\/ccigj.ro\/wp-content\/uploads\/2025\/03\/Prezentare-curs-CD-1086x1536.png 1086w, https:\/\/ccigj.ro\/wp-content\/uploads\/2025\/03\/Prezentare-curs-CD-1448x2048.png 1448w, https:\/\/ccigj.ro\/wp-content\/uploads\/2025\/03\/Prezentare-curs-CD.png 1654w\" sizes=\"auto, (max-width: 724px) 100vw, 724px\" \/><\/figure>\n\n\n\n<hr class=\"wp-block-separator has-alpha-channel-opacity\"\/>\n\n\n\n<p>Camera de Comert si Industrie Gorj organizeaza in perioada 04.11.2024 \u2013 28.02.2025, cursul de calificare nivel 2 &#8222;Lucrator comercial&#8221;, care se va finaliza prin examinare finala in 05.03.2025.<\/p>\n\n\n\n<figure class=\"wp-block-image size-large\"><img loading=\"lazy\" decoding=\"async\" width=\"724\" height=\"1024\" src=\"https:\/\/ccigj.ro\/wp-content\/uploads\/2024\/11\/Prezentare-curs-Lucrator-Comercial-724x1024.png\" alt=\"\" class=\"wp-image-1491\" srcset=\"https:\/\/ccigj.ro\/wp-content\/uploads\/2024\/11\/Prezentare-curs-Lucrator-Comercial-724x1024.png 724w, https:\/\/ccigj.ro\/wp-content\/uploads\/2024\/11\/Prezentare-curs-Lucrator-Comercial-212x300.png 212w, https:\/\/ccigj.ro\/wp-content\/uploads\/2024\/11\/Prezentare-curs-Lucrator-Comercial-768x1086.png 768w, https:\/\/ccigj.ro\/wp-content\/uploads\/2024\/11\/Prezentare-curs-Lucrator-Comercial-1086x1536.png 1086w, https:\/\/ccigj.ro\/wp-content\/uploads\/2024\/11\/Prezentare-curs-Lucrator-Comercial-1448x2048.png 1448w, https:\/\/ccigj.ro\/wp-content\/uploads\/2024\/11\/Prezentare-curs-Lucrator-Comercial.png 1654w\" sizes=\"auto, (max-width: 724px) 100vw, 724px\" \/><\/figure>\n\n\n\n<hr class=\"wp-block-separator has-alpha-channel-opacity\"\/>\n\n\n\n<div class=\"wp-block-file\"><a id=\"wp-block-file--media-0754ef69-c33f-4354-a3b3-28e19460f9d2\" href=\"https:\/\/ccigj.ro\/wp-content\/uploads\/2024\/12\/Anunt_achizitie_licente-300726.pdf\">Anunt\u0326_achizit\u0326ie_licente 300726<\/a><a href=\"https:\/\/ccigj.ro\/wp-content\/uploads\/2024\/12\/Anunt_achizitie_licente-300726.pdf\" class=\"wp-block-file__button wp-element-button\" download aria-describedby=\"wp-block-file--media-0754ef69-c33f-4354-a3b3-28e19460f9d2\">Descarc\u0103<\/a><\/div>\n\n\n\n<div class=\"wp-block-file\"><a id=\"wp-block-file--media-e0220a50-0991-49e7-a3cb-1520426abbc6\" href=\"https:\/\/ccigj.ro\/wp-content\/uploads\/2024\/10\/Anunt_achizitie_consumabile-300726-1.pdf\">Anunt\u0326_achizit\u0326ie_consumabile 300726<\/a><a href=\"https:\/\/ccigj.ro\/wp-content\/uploads\/2024\/10\/Anunt_achizitie_consumabile-300726-1.pdf\" class=\"wp-block-file__button wp-element-button\" download aria-describedby=\"wp-block-file--media-e0220a50-0991-49e7-a3cb-1520426abbc6\">Descarc\u0103<\/a><\/div>\n\n\n\n<hr class=\"wp-block-separator has-alpha-channel-opacity\"\/>\n\n\n\n<p class=\"has-large-font-size\"><strong>PRINCIPII ORIZONTALE SI TEME SECUNDARE:<\/strong><\/p>\n\n\n\n<div data-wp-interactive=\"core\/file\" class=\"wp-block-file\"><object data-wp-bind--hidden=\"!state.hasPdfPreview\" hidden class=\"wp-block-file__embed\" data=\"https:\/\/ccigj.ro\/wp-content\/uploads\/2024\/10\/Principii-orizontale_teme-secundare_Pro-Formare.pdf\" type=\"application\/pdf\" style=\"width:100%;height:600px\" aria-label=\"\u00cenglobare pentru Principii orizontale_teme secundare_Pro Formare.\"><\/object><a id=\"wp-block-file--media-49881692-a2aa-438d-96fd-951321583278\" href=\"https:\/\/ccigj.ro\/wp-content\/uploads\/2024\/10\/Principii-orizontale_teme-secundare_Pro-Formare.pdf\">Principii orizontale_teme secundare_Pro Formare<\/a><a href=\"https:\/\/ccigj.ro\/wp-content\/uploads\/2024\/10\/Principii-orizontale_teme-secundare_Pro-Formare.pdf\" class=\"wp-block-file__button wp-element-button\" download aria-describedby=\"wp-block-file--media-49881692-a2aa-438d-96fd-951321583278\">Descarc\u0103<\/a><\/div>\n\n\n\n<hr class=\"wp-block-separator has-alpha-channel-opacity\"\/>\n\n\n\n<p class=\"has-large-font-size\"><strong>COMUNICAT LANSARE PROIECT<\/strong><\/p>\n\n\n\n<div data-wp-interactive=\"core\/file\" class=\"wp-block-file\"><object data-wp-bind--hidden=\"!state.hasPdfPreview\" hidden class=\"wp-block-file__embed\" data=\"https:\/\/ccigj.ro\/wp-content\/uploads\/2024\/09\/Comunicat-lansare-proiect-300726.pdf\" type=\"application\/pdf\" style=\"width:100%;height:600px\" aria-label=\"\u00cenglobare pentru &lt;strong&gt;Comunicat lansare proiect 300726&lt;\/strong&gt;.\"><\/object><a id=\"wp-block-file--media-6282083c-d597-47d6-8c4c-8763ef5af47d\" href=\"https:\/\/ccigj.ro\/wp-content\/uploads\/2024\/09\/Comunicat-lansare-proiect-300726.pdf\"><strong>Comunicat lansare proiect 300726<\/strong><\/a><a href=\"https:\/\/ccigj.ro\/wp-content\/uploads\/2024\/09\/Comunicat-lansare-proiect-300726.pdf\" class=\"wp-block-file__button wp-element-button\" download aria-describedby=\"wp-block-file--media-6282083c-d597-47d6-8c4c-8763ef5af47d\">Descarc\u0103<\/a><\/div>\n\n\n\n<hr class=\"wp-block-separator has-alpha-channel-opacity\"\/>\n\n\n\n<figure class=\"wp-block-image size-large\"><img loading=\"lazy\" decoding=\"async\" width=\"1014\" height=\"1024\" src=\"https:\/\/ccigj.ro\/wp-content\/uploads\/2024\/09\/Foto-pagina-FB_mica-1014x1024.png\" alt=\"\" class=\"wp-image-1396\" srcset=\"https:\/\/ccigj.ro\/wp-content\/uploads\/2024\/09\/Foto-pagina-FB_mica-1014x1024.png 1014w, https:\/\/ccigj.ro\/wp-content\/uploads\/2024\/09\/Foto-pagina-FB_mica-297x300.png 297w, https:\/\/ccigj.ro\/wp-content\/uploads\/2024\/09\/Foto-pagina-FB_mica-150x150.png 150w, https:\/\/ccigj.ro\/wp-content\/uploads\/2024\/09\/Foto-pagina-FB_mica-768x776.png 768w, https:\/\/ccigj.ro\/wp-content\/uploads\/2024\/09\/Foto-pagina-FB_mica-1520x1536.png 1520w, https:\/\/ccigj.ro\/wp-content\/uploads\/2024\/09\/Foto-pagina-FB_mica-40x40.png 40w, https:\/\/ccigj.ro\/wp-content\/uploads\/2024\/09\/Foto-pagina-FB_mica.png 1754w\" sizes=\"auto, (max-width: 1014px) 100vw, 1014px\" \/><\/figure>\n\n\n\n<p><strong>Pentru informa\u021bii detaliate despre celelalte programe cofinan\u021bate de Uniunea European\u0103, v\u0103 invit\u0103m s\u0103 vizita\u021bi <a href=\"http:\/\/www.mfe.gov.ro\">www.mfe.gov.ro<\/a><\/strong><\/p>\n\n\n\n<p><\/p>\n","protected":false},"excerpt":{"rendered":"<p>Camera de Comert si Industrie Gorj organizeaza in perioada 04.11.2024 \u2013 28.02.2025, cursul de calificare nivel 2 &#8222;Lucrator comercial&#8221;, care se va finaliza prin examinare finala in 05.03.2025. PRINCIPII ORIZONTALE SI TEME SECUNDARE: COMUNICAT LANSARE PROIECT Pentru informa\u021bii detaliate despre celelalte programe cofinan\u021bate de Uniunea European\u0103, v\u0103 invit\u0103m s\u0103 vizita\u021bi www.mfe.gov.ro<\/p>\n","protected":false},"author":1,"featured_media":0,"parent":23,"menu_order":0,"comment_status":"closed","ping_status":"closed","template":"","meta":{"footnotes":""},"class_list":["post-1379","page","type-page","status-publish","hentry"],"_links":{"self":[{"href":"https:\/\/ccigj.ro\/index.php?rest_route=\/wp\/v2\/pages\/1379","targetHints":{"allow":["GET"]}}],"collection":[{"href":"https:\/\/ccigj.ro\/index.php?rest_route=\/wp\/v2\/pages"}],"about":[{"href":"https:\/\/ccigj.ro\/index.php?rest_route=\/wp\/v2\/types\/page"}],"author":[{"embeddable":true,"href":"https:\/\/ccigj.ro\/index.php?rest_route=\/wp\/v2\/users\/1"}],"replies":[{"embeddable":true,"href":"https:\/\/ccigj.ro\/index.php?rest_route=%2Fwp%2Fv2%2Fcomments&post=1379"}],"version-history":[{"count":24,"href":"https:\/\/ccigj.ro\/index.php?rest_route=\/wp\/v2\/pages\/1379\/revisions"}],"predecessor-version":[{"id":1660,"href":"https:\/\/ccigj.ro\/index.php?rest_route=\/wp\/v2\/pages\/1379\/revisions\/1660"}],"up":[{"embeddable":true,"href":"https:\/\/ccigj.ro\/index.php?rest_route=\/wp\/v2\/pages\/23"}],"wp:attachment":[{"href":"https:\/\/ccigj.ro\/index.php?rest_route=%2Fwp%2Fv2%2Fmedia&parent=1379"}],"curies":[{"name":"wp","href":"https:\/\/api.w.org\/{rel}","templated":true}]}}