{"id":330,"date":"2022-02-04T16:22:37","date_gmt":"2022-02-04T16:22:37","guid":{"rendered":"https:\/\/ccigj.ro\/?page_id=330"},"modified":"2025-05-14T19:18:03","modified_gmt":"2025-05-14T19:18:03","slug":"angajati-calificati-profesionisti-pe-piata-muncii","status":"publish","type":"page","link":"https:\/\/ccigj.ro\/?page_id=330","title":{"rendered":"Angaja\u021bi califica\u021bi &#8211; profesioni\u0219ti pe pia\u021ba muncii"},"content":{"rendered":"\n<ul class=\"wp-block-list\">\n<li>\u00cencepand cu luna septembrie 2024, Camera de Comert si Industrie Gorj implementeaz\u0103 noi proiecte prin care puteti participa la <strong>programe de formare profesionala GRATUITA<\/strong> &#8211; calificari, perfectionari, specializari si cursuri non-formale!<\/li>\n<\/ul>\n\n\n\n<div data-wp-interactive=\"core\/file\" class=\"wp-block-file\"><object data-wp-bind--hidden=\"!state.hasPdfPreview\" hidden class=\"wp-block-file__embed\" data=\"https:\/\/ccigj.ro\/wp-content\/uploads\/2024\/12\/Comunicat-presa-lansare_309056_11.2024-1.pdf\" type=\"application\/pdf\" style=\"width:100%;height:325px\" aria-label=\"\u00cenglobare pentru Comunicat presa lansare_309056_11.2024 (1).\"><\/object><a id=\"wp-block-file--media-ecdb2b8f-beb1-4f3b-bb3a-7e55df686b42\" href=\"https:\/\/ccigj.ro\/wp-content\/uploads\/2024\/12\/Comunicat-presa-lansare_309056_11.2024-1.pdf\">Comunicat presa lansare_309056_11.2024 (1)<\/a><a href=\"https:\/\/ccigj.ro\/wp-content\/uploads\/2024\/12\/Comunicat-presa-lansare_309056_11.2024-1.pdf\" class=\"wp-block-file__button wp-element-button\" download aria-describedby=\"wp-block-file--media-ecdb2b8f-beb1-4f3b-bb3a-7e55df686b42\">Descarc\u0103<\/a><\/div>\n\n\n\n<div data-wp-interactive=\"core\/file\" class=\"wp-block-file\"><object data-wp-bind--hidden=\"!state.hasPdfPreview\" hidden class=\"wp-block-file__embed\" data=\"https:\/\/ccigj.ro\/wp-content\/uploads\/2024\/11\/Comunicat-lansare-proiect-Competente-pentru-viitor-300618.pdf\" type=\"application\/pdf\" style=\"width:100%;height:325px\" aria-label=\"\u00cenglobare pentru Comunicat lansare proiect Competente pentru viitor 300618.\"><\/object><a id=\"wp-block-file--media-89257cc9-5395-4a08-b54b-6e456e2f89dd\" href=\"https:\/\/ccigj.ro\/wp-content\/uploads\/2024\/11\/Comunicat-lansare-proiect-Competente-pentru-viitor-300618.pdf\">Comunicat lansare proiect Competente pentru viitor 300618<\/a><a href=\"https:\/\/ccigj.ro\/wp-content\/uploads\/2024\/11\/Comunicat-lansare-proiect-Competente-pentru-viitor-300618.pdf\" class=\"wp-block-file__button wp-element-button\" download aria-describedby=\"wp-block-file--media-89257cc9-5395-4a08-b54b-6e456e2f89dd\">Descarc\u0103<\/a><\/div>\n\n\n\n<div data-wp-interactive=\"core\/file\" class=\"wp-block-file\"><object data-wp-bind--hidden=\"!state.hasPdfPreview\" hidden class=\"wp-block-file__embed\" data=\"https:\/\/ccigj.ro\/wp-content\/uploads\/2024\/09\/Comunicat-presa-lansare_09.2024.pdf\" type=\"application\/pdf\" style=\"width:100%;height:325px\" aria-label=\"\u00cenglobare pentru Comunicat presa lansare_09.2024.\"><\/object><a id=\"wp-block-file--media-599f21dd-6f6c-4f33-8baa-91d18b5d78c8\" href=\"https:\/\/ccigj.ro\/wp-content\/uploads\/2024\/09\/Comunicat-presa-lansare_09.2024.pdf\">Comunicat presa lansare_09.2024<\/a><a href=\"https:\/\/ccigj.ro\/wp-content\/uploads\/2024\/09\/Comunicat-presa-lansare_09.2024.pdf\" class=\"wp-block-file__button wp-element-button\" download aria-describedby=\"wp-block-file--media-599f21dd-6f6c-4f33-8baa-91d18b5d78c8\">Descarc\u0103<\/a><\/div>\n\n\n\n<div data-wp-interactive=\"core\/file\" class=\"wp-block-file\"><object data-wp-bind--hidden=\"!state.hasPdfPreview\" hidden class=\"wp-block-file__embed\" data=\"https:\/\/ccigj.ro\/wp-content\/uploads\/2024\/09\/Comunicat-lansare-proiect-300726.pdf\" type=\"application\/pdf\" style=\"width:100%;height:325px\" aria-label=\"\u00cenglobare pentru Comunicat lansare proiect 300726.\"><\/object><a id=\"wp-block-file--media-f1c6b54b-4d66-4b1a-bc6b-ea2fb24a54ee\" href=\"https:\/\/ccigj.ro\/wp-content\/uploads\/2024\/09\/Comunicat-lansare-proiect-300726.pdf\">Comunicat lansare proiect 300726<\/a><a href=\"https:\/\/ccigj.ro\/wp-content\/uploads\/2024\/09\/Comunicat-lansare-proiect-300726.pdf\" class=\"wp-block-file__button wp-element-button\" download aria-describedby=\"wp-block-file--media-f1c6b54b-4d66-4b1a-bc6b-ea2fb24a54ee\">Descarc\u0103<\/a><\/div>\n\n\n\n<div style=\"height:25px\" aria-hidden=\"true\" class=\"wp-block-spacer\"><\/div>\n\n\n\n<hr class=\"wp-block-separator has-alpha-channel-opacity\"\/>\n\n\n\n<ul class=\"wp-block-list\">\n<li><a href=\"https:\/\/ccigj.ro\/wp-content\/uploads\/2023\/01\/Comunicat-final135043.pdf\"><strong>COMUNICAT FINAL<\/strong><\/a><\/li>\n<\/ul>\n\n\n\n<figure class=\"wp-block-image size-large\"><img loading=\"lazy\" decoding=\"async\" width=\"721\" height=\"1024\" src=\"https:\/\/ccigj.ro\/wp-content\/uploads\/2023\/01\/Comunicat-final135043-721x1024.png\" alt=\"\" class=\"wp-image-1013\" srcset=\"https:\/\/ccigj.ro\/wp-content\/uploads\/2023\/01\/Comunicat-final135043-721x1024.png 721w, https:\/\/ccigj.ro\/wp-content\/uploads\/2023\/01\/Comunicat-final135043-211x300.png 211w, https:\/\/ccigj.ro\/wp-content\/uploads\/2023\/01\/Comunicat-final135043-768x1091.png 768w, https:\/\/ccigj.ro\/wp-content\/uploads\/2023\/01\/Comunicat-final135043-1081x1536.png 1081w, https:\/\/ccigj.ro\/wp-content\/uploads\/2023\/01\/Comunicat-final135043-1441x2048.png 1441w, https:\/\/ccigj.ro\/wp-content\/uploads\/2023\/01\/Comunicat-final135043.png 1819w\" sizes=\"auto, (max-width: 721px) 100vw, 721px\" \/><\/figure>\n\n\n\n<hr class=\"wp-block-separator has-alpha-channel-opacity\"\/>\n\n\n\n<div data-wp-interactive=\"core\/file\" class=\"wp-block-file\"><object data-wp-bind--hidden=\"!state.hasPdfPreview\" hidden class=\"wp-block-file__embed\" data=\"https:\/\/ccigj.ro\/wp-content\/uploads\/2023\/02\/Ghid-V3-A5-1.pdf\" type=\"application\/pdf\" style=\"width:100%;height:600px\" aria-label=\"\u00cenglobare pentru Ghid V3 A5 (1).\"><\/object><a id=\"wp-block-file--media-4cd5b452-3b98-41c7-a3ae-a0031bc30081\" href=\"https:\/\/ccigj.ro\/wp-content\/uploads\/2023\/02\/Ghid-V3-A5-1.pdf\">Ghid V3 A5 (1)<\/a><a href=\"https:\/\/ccigj.ro\/wp-content\/uploads\/2023\/02\/Ghid-V3-A5-1.pdf\" class=\"wp-block-file__button wp-element-button\" download aria-describedby=\"wp-block-file--media-4cd5b452-3b98-41c7-a3ae-a0031bc30081\">Descarc\u0103<\/a><\/div>\n\n\n\n<hr class=\"wp-block-separator has-alpha-channel-opacity\"\/>\n\n\n\n<figure class=\"wp-block-image size-full is-style-default\"><img loading=\"lazy\" decoding=\"async\" width=\"791\" height=\"198\" src=\"https:\/\/ccigj.ro\/wp-content\/uploads\/2022\/02\/1.bmp\" alt=\"\" class=\"wp-image-332\" srcset=\"https:\/\/ccigj.ro\/wp-content\/uploads\/2022\/02\/1.bmp 791w, https:\/\/ccigj.ro\/wp-content\/uploads\/2022\/02\/1-300x75.jpg 300w, https:\/\/ccigj.ro\/wp-content\/uploads\/2022\/02\/1-768x192.jpg 768w\" sizes=\"auto, (max-width: 791px) 100vw, 791px\" \/><\/figure>\n\n\n\n<div style=\"height:25px\" aria-hidden=\"true\" class=\"wp-block-spacer\"><\/div>\n\n\n\n<p><strong>CAMERA DE COMER\u021a \u0218I INDUSTRIE GORJ \u00een parteneriat cu CAMERA DE COMER\u021a \u0218I INDUSTRIE HARGHITA \u0219i CAMERA DE COMER\u021a \u0218I INDUSTRIE MURE\u0218<\/strong> implementeaz\u0103 \u00een perioada <strong>ianuarie 2021 \u2013 ianuarie 2023<\/strong> proiectul <strong>\u201eAngaja\u021bi califica\u021bi &#8211; profesioni\u0219ti pe pia\u021ba muncii\u201d<\/strong> \u00een cadrul apelului POCU \/726\/6\/12\/cre\u0219terea particip\u0103rii la programele de formare profesional\u0103 continu\u0103, cu accent pe acei adul\u021bi cu un nivel sc\u0103zut de calificare, \u0219i persoanele cu v\u00e2rst\u0103 de peste 40 de ani, din zonele rurale defavorizate, inclusiv prin recunoa\u0219terea \u0219i certificarea rezultatelor \u00eenv\u0103\u021b\u0103rii dob\u00e2ndite \u00een contexte non-formale \u0219i informale.<\/p>\n\n\n\n<p>Proiectul se deruleaz\u0103 pe o perioad\u0103 de 24 de luni \u0219i are o <strong>valoare total\u0103 de 4.681.537,16 LEI<\/strong>, din care contribu\u021bia Uniunii Europene este de 3.979.306,60 lei.<\/p>\n\n\n\n<div style=\"height:25px\" aria-hidden=\"true\" class=\"wp-block-spacer\"><\/div>\n\n\n\n<p><strong>OBIECTIVE:<\/strong><\/p>\n\n\n\n<ul class=\"wp-block-list\">\n<li><strong>Cre\u0219terea nivelului de calificare a 604 angaja\u021bi<\/strong> din regiunile Sud-Vest Oltenia \u0219i Centru, \u00een special a celor cu nivel sc\u0103zut de calificare \u0219i a persoanelor cu v\u00e2rsta de peste 40 ani, din zone rurale, prin furnizarea de programe de \u00eenv\u0103\u021bare pe tot parcursul vie\u021bii corelate cu pia\u021ba muncii.<\/li>\n\n\n\n<li><strong>Sprijin pentru cre\u0219terea angaj\u0103rii durabile \u0219i adaptabilit\u0103\u021bii la evolu\u021biile pie\u021bei muncii<\/strong> pentru 604 angaja\u021bi din regiunile Sud-Vest Oltenia \u0219i Centru prin furnizarea unui program integrat de consiliere, orientare \u0219i formare profesional\u0103, \u00een vederea ob\u021binerii de c\u0103tre ace\u0219tia a unei calific\u0103ri\/specializ\u0103ri\/perfec\u021bion\u0103ri certificate la nivel na\u021bional \u00een profesii corelate cu cerin\u021bele pie\u021bei muncii.<\/li>\n\n\n\n<li><strong>Promovarea beneficiilor FPC \u00een r\u00e2ndul angaja\u021bilor \u0219i \u00eentreprinderilor<\/strong> prin activit\u0103\u021bi de informare \u0219i con\u0219tientizare, prin organizarea&nbsp; unei serii de vizite la firme \u00een cele 2 regiuni \u0219i printr-o ini\u021biativ\u0103 menit\u0103 s\u0103 asigure un transfer de bune practici \u00eentre actori publici \u0219i privat\u0103 relevan\u021bi pentru domeniul form\u0103rii profesionale continue a adul\u021bilor.<\/li>\n<\/ul>\n\n\n\n<div style=\"height:25px\" aria-hidden=\"true\" class=\"wp-block-spacer\"><\/div>\n\n\n\n<p><strong>REZULTATE PRECONIZATE<\/strong><\/p>\n\n\n\n<ul class=\"wp-block-list\">\n<li>620 de angaja\u021bi informa\u021bi cu privire la oportunit\u0103\u021bile de formare oferite;<\/li>\n\n\n\n<li>604 angaja\u021bi din Regiunile Sud-Vest Oltenia \u0219i Centru selecta\u0219i \u0219i recruta\u021bi pentru participarea la activit\u0103\u021bile proiectului \u0219i consilia\u021bi;<\/li>\n\n\n\n<li>2 workshopuri regionale (Sud-Vest Oltenia si Centru); 1 ghid de bune practici, 300 de exemplare tip\u0103rite \u0219i distribuite;<\/li>\n\n\n\n<li>610 bro\u0219uri Egalitate de \u0219anse\/nediscriminare distribuite;<\/li>\n\n\n\n<li>27 programe de formare furnizate, respectiv:<\/li>\n\n\n\n<li>5 cursuri nivel 3 (domenii: instala\u021bii, construc\u021bii, automatiz\u0103ri \u0219.a)<\/li>\n\n\n\n<li>12 cursuri nivel 2 (domenii: Industria de prelucrare a lemnului \u0219i produc\u021bia de mobil\u0103, Procesarea alimentelor \u0219i b\u0103uturilor, Industria auto \u0219i componente, Instala\u021bii, Construc\u021bii, Textile \u0219i piel\u0103rie, Comer\u021b, \u0219.a.)<\/li>\n\n\n\n<li>1 curs nivel 1<\/li>\n\n\n\n<li>3 cursuri specializare\/perfec\u021bionare (domenii: mediu, instala\u021bii sub presiune, instala\u021bii de ridicat, \u0219.a.)<\/li>\n\n\n\n<li>6 cursuri de ini\u021biere \u00een Competen\u021be informatice<\/li>\n<\/ul>\n\n\n\n<div style=\"height:25px\" aria-hidden=\"true\" class=\"wp-block-spacer\"><\/div>\n\n\n\n<p><strong>INFORMA\u021aII SUPLIMENTARE<\/strong><\/p>\n\n\n\n<p>&#8211; Podaru Cerasela Nadia, Expert organizare evenimente Camera de Comer\u021b \u0219i Industrie Gorj<\/p>\n\n\n\n<p>Telefon: 0728126141&nbsp;&nbsp;&nbsp;&nbsp;&nbsp;&nbsp;<\/p>\n\n\n\n<p>&#8211; Antal Bartalis Imola, Expert organizare evenimente Camera de Comer\u021b \u0219i Industrie Harghita<\/p>\n\n\n\n<p>Telefon: 0740090173<\/p>\n\n\n\n<p>&#8211; \u0218tef Chiralina, Expert organizare evenimente Camera de Comer\u021b \u0219i Industrie Mure\u0219<\/p>\n\n\n\n<p>Telefon: 0740251989<\/p>\n\n\n\n<hr class=\"wp-block-separator has-css-opacity\"\/>\n\n\n\n<p><strong>Prezentare cursuri furnizate de Camera de Comer\u021b \u0219i Industrie Gorj:<\/strong><\/p>\n\n\n\n<ul class=\"wp-block-list\">\n<li><a href=\"https:\/\/ccigj.ro\/wp-content\/uploads\/2022\/02\/L_Curs-stivuitorist.pdf\">Curs &#8222;Stivuitorist&#8221;<\/a><\/li>\n\n\n\n<li><a href=\"http:\/\/\">Curs &#8222;Fochist la cazane de ap\u0103 cald\u0103 \u0219i cazane de abur de joas\u0103 presiune&#8221;<\/a><\/li>\n\n\n\n<li><a href=\"https:\/\/ccigj.ro\/wp-content\/uploads\/2022\/02\/L_Curs-instalator.pdf\">Curs &#8222;Instalator instala\u021bii tehnico-sanitare \u0219i de gaze&#8221;<\/a><\/li>\n\n\n\n<li><a href=\"https:\/\/ccigj.ro\/wp-content\/uploads\/2022\/02\/L_Curs-lacatus-mecanic.pdf\">Curs &#8222;L\u0103c\u0103tu\u0219 mecanic de \u00eentre\u021binere \u0219i repara\u021bii universale&#8221;<\/a><\/li>\n\n\n\n<li><a href=\"https:\/\/ccigj.ro\/wp-content\/uploads\/2022\/02\/L_Curs-patiser.pdf\">Curs &#8222;Patiser&#8221;<\/a><\/li>\n<\/ul>\n\n\n\n<p><\/p>\n","protected":false},"excerpt":{"rendered":"<p>CAMERA DE COMER\u021a \u0218I INDUSTRIE GORJ \u00een parteneriat cu CAMERA DE COMER\u021a \u0218I INDUSTRIE HARGHITA \u0219i CAMERA DE COMER\u021a \u0218I INDUSTRIE MURE\u0218 implementeaz\u0103 \u00een perioada ianuarie 2021 \u2013 ianuarie 2023 proiectul \u201eAngaja\u021bi califica\u021bi &#8211; profesioni\u0219ti pe pia\u021ba muncii\u201d \u00een cadrul apelului POCU \/726\/6\/12\/cre\u0219terea particip\u0103rii la programele de formare profesional\u0103 continu\u0103, cu accent pe acei adul\u021bi [&hellip;]<\/p>\n","protected":false},"author":1,"featured_media":0,"parent":0,"menu_order":0,"comment_status":"closed","ping_status":"closed","template":"","meta":{"footnotes":""},"class_list":["post-330","page","type-page","status-publish","hentry"],"_links":{"self":[{"href":"https:\/\/ccigj.ro\/index.php?rest_route=\/wp\/v2\/pages\/330","targetHints":{"allow":["GET"]}}],"collection":[{"href":"https:\/\/ccigj.ro\/index.php?rest_route=\/wp\/v2\/pages"}],"about":[{"href":"https:\/\/ccigj.ro\/index.php?rest_route=\/wp\/v2\/types\/page"}],"author":[{"embeddable":true,"href":"https:\/\/ccigj.ro\/index.php?rest_route=\/wp\/v2\/users\/1"}],"replies":[{"embeddable":true,"href":"https:\/\/ccigj.ro\/index.php?rest_route=%2Fwp%2Fv2%2Fcomments&post=330"}],"version-history":[{"count":17,"href":"https:\/\/ccigj.ro\/index.php?rest_route=\/wp\/v2\/pages\/330\/revisions"}],"predecessor-version":[{"id":1576,"href":"https:\/\/ccigj.ro\/index.php?rest_route=\/wp\/v2\/pages\/330\/revisions\/1576"}],"wp:attachment":[{"href":"https:\/\/ccigj.ro\/index.php?rest_route=%2Fwp%2Fv2%2Fmedia&parent=330"}],"curies":[{"name":"wp","href":"https:\/\/api.w.org\/{rel}","templated":true}]}}