{"id":49,"date":"2021-12-27T19:35:28","date_gmt":"2021-12-27T19:35:28","guid":{"rendered":"https:\/\/ccigj.ro\/?page_id=49"},"modified":"2022-09-17T13:29:36","modified_gmt":"2022-09-17T13:29:36","slug":"valoarea-finantarii","status":"publish","type":"page","link":"https:\/\/ccigj.ro\/?page_id=49","title":{"rendered":"Valoarea finan\u021b\u0103rii"},"content":{"rendered":"\n<p>Cheltuielile aferente \u00eenfiin\u021b\u0103rii \u0219i func\u021bion\u0103rii afacerilor \u00eenfiin\u021bate intr\u0103 sub inciden\u021ba ajutorului de minimis.<\/p>\n\n\n\n<p><strong>Valoarea maxim\u0103 <\/strong>ce va fi acordata unui plan de afaceri este de 60.000 euro, reprezent\u00e2nd <strong>100% din totalul cheltuielilor eligibile<\/strong>, \u0219i se acord\u0103 numai \u00eentreprinderilor \u00eenfiin\u021bate de persoanele ale c\u0103ror planuri de afaceri au fost selectate \u00een cadrul concursului de planuri de afaceri.<\/p>\n\n\n\n<p>Acordarea acestei finan\u021b\u0103ri se va <strong>realiza \u00een baza contractului de subven\u021bie semnat p\u00e2na cel t\u00e2rziu \u00een ultima zi de implementare din luna <\/strong><strong>6<\/strong><strong> de implementare a proiectului<\/strong><strong> (<\/strong><strong>estimare<\/strong><strong> 30 <\/strong><strong>iunie<\/strong><strong> 2022)<\/strong>, conform schemei de minimis anexate la ghidul apelului Innotech Student.<\/p>\n\n\n\n<p>Valoarea Schemei de minimis la nivelul intregului proiect este de <strong>6,393,420.00 lei.<\/strong><\/p>\n\n\n\n<p>Din aceast\u0103 sum\u0103, estim\u0103m finan\u021barea a aproximativ 22 planuri de afacere cu minim 3 locuri de munc\u0103 create selectate \u00een urma Concursului pentru o subven\u021bie medie de 60.000 euro\/plan afacere.<\/p>\n\n\n\n<p><\/p>\n","protected":false},"excerpt":{"rendered":"<p>Cheltuielile aferente \u00eenfiin\u021b\u0103rii \u0219i func\u021bion\u0103rii afacerilor \u00eenfiin\u021bate intr\u0103 sub inciden\u021ba ajutorului de minimis. Valoarea maxim\u0103 ce va fi acordata unui plan de afaceri este de 60.000 euro, reprezent\u00e2nd 100% din totalul cheltuielilor eligibile, \u0219i se acord\u0103 numai \u00eentreprinderilor \u00eenfiin\u021bate de persoanele ale c\u0103ror planuri de afaceri au fost selectate \u00een cadrul concursului de planuri de [&hellip;]<\/p>\n","protected":false},"author":1,"featured_media":0,"parent":0,"menu_order":0,"comment_status":"closed","ping_status":"closed","template":"","meta":{"footnotes":""},"class_list":["post-49","page","type-page","status-publish","hentry"],"_links":{"self":[{"href":"https:\/\/ccigj.ro\/index.php?rest_route=\/wp\/v2\/pages\/49","targetHints":{"allow":["GET"]}}],"collection":[{"href":"https:\/\/ccigj.ro\/index.php?rest_route=\/wp\/v2\/pages"}],"about":[{"href":"https:\/\/ccigj.ro\/index.php?rest_route=\/wp\/v2\/types\/page"}],"author":[{"embeddable":true,"href":"https:\/\/ccigj.ro\/index.php?rest_route=\/wp\/v2\/users\/1"}],"replies":[{"embeddable":true,"href":"https:\/\/ccigj.ro\/index.php?rest_route=%2Fwp%2Fv2%2Fcomments&post=49"}],"version-history":[{"count":4,"href":"https:\/\/ccigj.ro\/index.php?rest_route=\/wp\/v2\/pages\/49\/revisions"}],"predecessor-version":[{"id":675,"href":"https:\/\/ccigj.ro\/index.php?rest_route=\/wp\/v2\/pages\/49\/revisions\/675"}],"wp:attachment":[{"href":"https:\/\/ccigj.ro\/index.php?rest_route=%2Fwp%2Fv2%2Fmedia&parent=49"}],"curies":[{"name":"wp","href":"https:\/\/api.w.org\/{rel}","templated":true}]}}