{"id":60,"date":"2021-12-28T09:42:16","date_gmt":"2021-12-28T09:42:16","guid":{"rendered":"https:\/\/ccigj.ro\/?page_id=60"},"modified":"2022-09-17T13:21:47","modified_gmt":"2022-09-17T13:21:47","slug":"cheltuieli","status":"publish","type":"page","link":"https:\/\/ccigj.ro\/?page_id=60","title":{"rendered":"Lista cheltuieli eligibile si neeligibile"},"content":{"rendered":"\n<p class=\"has-medium-font-size\"><strong>Cheltuieli eligibile:<\/strong><\/p>\n\n\n\n<div style=\"height:25px\" aria-hidden=\"true\" class=\"wp-block-spacer\"><\/div>\n\n\n\n<p>1. Cheltuieli cu salariile personalului nou-angajat<\/p>\n\n\n\n<p>1.1. Cheltuieli salariale<\/p>\n\n\n\n<p>1.2 Venituri asimilate salariilor pentru exper\u021bi proprii\/ coopta\u021bi<\/p>\n\n\n\n<p>1.3. Contribu\u021bii sociale aferente cheltuielilor salariale \u0219i cheltuielilor asimilate acestora (contribu\u021bii angaja\u021bi \u0219i angajatori)<\/p>\n\n\n\n<p>2. Cheltuieli cu deplasarea personalului \u00eentreprinderilor sprijinite:<\/p>\n\n\n\n<p>2.1 Cheltuieli pentru cazare<\/p>\n\n\n\n<p>2.2 Cheltuieli cu diurna personalului propriu<\/p>\n\n\n\n<p>2.3 Cheltuieli pentru transportul persoanelor (inclusiv transportul efectuat cu mijloacele de transport \u00een comun sau taxi, \u00eentre gar\u0103, autogar\u0103 sau port \u0219i locul deleg\u0103rii ori locul de cazare, precum \u0219i transportul efectuat pe distan\u021ba dintre locul de cazare \u0219i locul deleg\u0103rii)<\/p>\n\n\n\n<p>2.4 Taxe \u0219i asigur\u0103ri de c\u0103l\u0103torie \u0219i asigur\u0103ri medicale aferente deplas\u0103rii<\/p>\n\n\n\n<p>3. Cheltuieli aferente diverselor achizi\u021bii de servicii specializate, pentru care beneficiarul ajutorului de minimis nu are expertiza necesar\u0103<\/p>\n\n\n\n<p>4. Cheltuieli cu achizi\u021bia de active fixe corporale (altele dec\u00e2t terenuri \u0219i imobile), obiecte de inventar, materii prime \u0219i materiale, inclusiv materiale consumabile, alte cheltuieli pentru investi\u021bii necesare func\u021bion\u0103rii \u00eentreprinderilor<\/p>\n\n\n\n<p>5. Cheltuieli cu \u00eenchirierea de sedii (inclusiv depozite), spa\u021bii pentru desf\u0103\u0219urarea diverselor activit\u0103\u021bi ale \u00eentreprinderii, echipamente, vehicule, diverse bunuri<\/p>\n\n\n\n<p>6. Cheltuieli de leasing f\u0103r\u0103 achizi\u021bie (leasing opera\u021bional) aferente func\u021bion\u0103rii \u00eentreprinderilor (rate de leasing opera\u021bional pl\u0103tite de \u00eentreprindere pentru: echipamente, vehicule, diverse bunuri mobile \u0219i imobile)<\/p>\n\n\n\n<p>7. Utilit\u0103\u021bi aferente func\u021bion\u0103rii \u00eentreprinderilor<\/p>\n\n\n\n<p>8. Servicii de administrare a cl\u0103dirilor aferente func\u021bion\u0103rii \u00eentreprinderilor<\/p>\n\n\n\n<p>9. Servicii de \u00eentre\u021binere \u0219i reparare de echipamente \u0219i mijloace de transport aferente func\u021bion\u0103rii \u00eentreprinderilor<\/p>\n\n\n\n<p>10. Arhivare de documente aferente func\u021bion\u0103rii \u00eentreprinderilor<\/p>\n\n\n\n<p>11. Amortizare de active aferente func\u021bion\u0103rii \u00eentreprinderilor<\/p>\n\n\n\n<p>12. Cheltuieli financiare \u0219i juridice (notariale) aferente func\u021bion\u0103rii \u00eentreprinderilor<\/p>\n\n\n\n<p>13. Conectare la re\u021bele informatice aferente func\u021bion\u0103rii \u00eentreprinderilor<\/p>\n\n\n\n<p>14. Cheltuieli de informare \u0219i publicitate aferente func\u021bion\u0103rii \u00eentreprinderilor<\/p>\n\n\n\n<p>15. Alte cheltuieli aferente func\u021bion\u0103rii \u00eentreprinderilor<\/p>\n\n\n\n<p>15.1. Prelucrare de date<\/p>\n\n\n\n<p>15.2. \u00centre\u021binere, actualizare \u0219i dezvoltare de aplica\u021bii informatice<\/p>\n\n\n\n<p>15.3. Achizi\u021bionare de publica\u021bii, c\u0103r\u021bi, reviste de specialitate relevante pentru opera\u021biune, \u00een format tip\u0103rit \u0219i\/sau electronic<\/p>\n\n\n\n<p>15.4. Concesiuni, brevete, licen\u021be, m\u0103rci comerciale, drepturi \u0219i active similare<\/p>\n\n\n\n<p>16. Cheltuielile aferente garan\u021biilor oferite de b\u0103nci sau alte institu\u021bii financiare<\/p>\n\n\n\n<hr class=\"wp-block-separator has-alpha-channel-opacity\"\/>\n\n\n\n<p class=\"has-medium-font-size\"><strong>Cheltuieli neeligibile:<\/strong><\/p>\n\n\n\n<div style=\"height:25px\" aria-hidden=\"true\" class=\"wp-block-spacer\"><\/div>\n\n\n\n<ul class=\"wp-block-list\"><li>subcontractele (externaliz\u0103rile) care determin\u0103 o cre\u0219tere a costului de executare a opera\u021biunii; <\/li><li>subcontractele (externaliz\u0103rile) \u00een temeiul c\u0103rora plata se define\u0219te \u00een procente din costul total al proiectului; <\/li><li>taxa pe valoarea ad\u0103ugat\u0103 recuperabil\u0103; <\/li><li>dob\u00e2nda debitoare, cu excep\u021bia celor referitoare la granturi acordate sub forma unei subven\u021bii pentru dob\u00e2nd\u0103 sau pentru comisioane de garantare; <\/li><li>contribu\u021bia \u00een natur\u0103; <\/li><li>achizi\u021bia de echipamente second-hand; <\/li><li>amenzi, penalit\u0103\u021bi \u0219i cheltuieli de judecat\u0103; <\/li><li>costurile pentru operarea obiectivelor de investi\u021bii;<\/li><li>cheltuielile cu fabricarea, prelucrarea \u0219i comercializarea tutunului \u0219i a produselor din tutun; <\/li><li>achizi\u021bionarea de infrastructuri, terenuri \u0219i bunuri imobiliare pentru o contribu\u021bie din partea Fondului Social European, cu excep\u021bia cazurilor \u00een care se aplic\u0103 prevederile art. 98 alin. (2) din Regulamentul (UE) nr. 1303\/2013; <\/li><li>orice cheltuieli care dep\u0103\u0219esc plafoanele stabilite prin ghidurile specifice sau prin instruc\u021biuni speciale care vizeaz\u0103 instituirea de plafoane specifice unor anumite categorii de cheltuieli.<\/li><\/ul>\n\n\n\n<hr class=\"wp-block-separator has-alpha-channel-opacity\"\/>\n\n\n\n<p><strong>Pe parcursul implement\u0103rii proiectului, cheltuielile considerate neeligibile la verificarea unei cereri de rambursare\/ cereri de plata\/ cereri de prefinan\u021bare vor fi suportate de c\u0103tre solicitant.<\/strong><\/p>\n","protected":false},"excerpt":{"rendered":"<p>Cheltuieli eligibile: 1. Cheltuieli cu salariile personalului nou-angajat 1.1. Cheltuieli salariale 1.2 Venituri asimilate salariilor pentru exper\u021bi proprii\/ coopta\u021bi 1.3. Contribu\u021bii sociale aferente cheltuielilor salariale \u0219i cheltuielilor asimilate acestora (contribu\u021bii angaja\u021bi \u0219i angajatori) 2. Cheltuieli cu deplasarea personalului \u00eentreprinderilor sprijinite: 2.1 Cheltuieli pentru cazare 2.2 Cheltuieli cu diurna personalului propriu 2.3 Cheltuieli pentru transportul persoanelor [&hellip;]<\/p>\n","protected":false},"author":1,"featured_media":0,"parent":0,"menu_order":0,"comment_status":"closed","ping_status":"closed","template":"","meta":{"footnotes":""},"class_list":["post-60","page","type-page","status-publish","hentry"],"_links":{"self":[{"href":"https:\/\/ccigj.ro\/index.php?rest_route=\/wp\/v2\/pages\/60","targetHints":{"allow":["GET"]}}],"collection":[{"href":"https:\/\/ccigj.ro\/index.php?rest_route=\/wp\/v2\/pages"}],"about":[{"href":"https:\/\/ccigj.ro\/index.php?rest_route=\/wp\/v2\/types\/page"}],"author":[{"embeddable":true,"href":"https:\/\/ccigj.ro\/index.php?rest_route=\/wp\/v2\/users\/1"}],"replies":[{"embeddable":true,"href":"https:\/\/ccigj.ro\/index.php?rest_route=%2Fwp%2Fv2%2Fcomments&post=60"}],"version-history":[{"count":6,"href":"https:\/\/ccigj.ro\/index.php?rest_route=\/wp\/v2\/pages\/60\/revisions"}],"predecessor-version":[{"id":671,"href":"https:\/\/ccigj.ro\/index.php?rest_route=\/wp\/v2\/pages\/60\/revisions\/671"}],"wp:attachment":[{"href":"https:\/\/ccigj.ro\/index.php?rest_route=%2Fwp%2Fv2%2Fmedia&parent=60"}],"curies":[{"name":"wp","href":"https:\/\/api.w.org\/{rel}","templated":true}]}}