{"id":65,"date":"2021-12-28T10:03:33","date_gmt":"2021-12-28T10:03:33","guid":{"rendered":"https:\/\/ccigj.ro\/?page_id=65"},"modified":"2022-01-06T17:23:54","modified_gmt":"2022-01-06T17:23:54","slug":"conditii-obligatorii-2","status":"publish","type":"page","link":"https:\/\/ccigj.ro\/?page_id=65","title":{"rendered":"Condi\u021bii obligatorii Start-up"},"content":{"rendered":"\n<ul class=\"wp-block-list\"><li><strong>firmele trebuie s\u0103 fie noi <\/strong>&#8211; se vor deschide numai dup\u0103 finalizarea concursului de planuri de afaceri de c\u0103tre c\u00e2\u0219tig\u0103tori; <\/li><li>vor fi finan\u021bate doar firme care <strong>activeaz\u0103 \u00een sectoarele competitive identificate prin intermediul SNC <\/strong>sau care au \u00een vedere dezvoltarea \u00een <strong>domeniile \u0219i subdomeniile de dezvoltare inteligent\u0103 \u0219i s\u0103n\u0103tate identificate prin SNCDI <\/strong>(anexele 5 \u0219i 5 bis la GSCS \u2013Lista domeniilor \u0219i subdomeniilor de specializare inteligent\u0103 \u0219i s\u0103n\u0103tate);<\/li><li>firmele pot s\u0103 fie \u00eenfiin\u021bate (sediul social \u0219i punctele de lucru, derularea activit\u0103\u021bii) fie \u00een <strong>mediul urban, fie \u00een mediul rural<\/strong>, \u00eentr-unul din urm\u0103toarele jude\u021be: Dolj, Gorj, Mehedin\u021bi, Olt sau V\u00e2lcea <strong>(regiunea Sud-Vest Oltenia)<\/strong>;&nbsp; &nbsp; <\/li><li>fiecare afacere trebuie <strong>s\u0103 genereze num\u0103rul de locuri de munc\u0103 asumat <\/strong>prin planul de afacere, corelat cu ajutorul de minimis solicitat;<strong> Num\u0103rul&nbsp;minim de locuri de munca&nbsp;este&nbsp;2.<\/strong><\/li><\/ul>\n\n\n\n<p><strong>DE RE\u021aINUT:<\/strong><\/p>\n\n\n\n<ul class=\"wp-block-list\"><li>\u00cen cazul \u00een care <strong>\u00een maxim 6 luni <\/strong>beneficiarul ajutorului de minimis nu realizeaz\u0103 <strong>ocuparea locurilor de munc\u0103 minime asumate <\/strong>prin planul de afaceri propor\u021bional cu valoarea total\u0103 a ajutorului de minims aprobat pe baza planului de afaceri \u0219i men\u021bionat \u00een contractul de subven\u021bie, tran\u0219a a doua de ajutor de minimis nu se mai acord\u0103 \u0219i se demareaz\u0103 procedurile legale de recuperare a tran\u0219ei I de subven\u021bie acordate;<\/li><li>toate pl\u0103\u021bile aferente \u00eenfiin\u021b\u0103rii \u0219i func\u021bion\u0103rii \u00eentreprinderilor nou create trebuie efectuate <strong>\u00een cadrul primelor 12 luni de func\u021bionare<\/strong>. \u00cen perioada ulterioar\u0103 de <strong>6 luni (obligatoriu)+9 luni (op\u021bional), de sustenabilitate<\/strong>, beneficiarul ajutorului de minimis va asigura <strong>continuarea func\u021bion\u0103rii afacerii \u0219i va men\u021bine ocuparea locurilor de munc\u0103 create<\/strong>;<\/li><li>persoanele fizice nu pot avea calitatea de <strong>asociat, administrator, reprezentant legal sau angajat <\/strong>\u00een cadrul a mai mult <strong>de o \u00eentreprindere \u00eenfiin\u021bat\u0103 \u00een cadrul acestui program<\/strong>;<\/li><li>antreprenorul trebuie s\u0103 respecte \u00eentocmai planul de afaceri asumat \u0219i selectat spre finan\u021bare; <\/li><li><strong>beneficiarii persoane fizice <\/strong>care \u00eenfiin\u021beaz\u0103 afacerea vor avea calitatea de <strong>reprezentant legal, asociat majoritar \u0219i administrator\u00a0 <\/strong>\u00een cadrul \u00eentreprinderii \u00eenfiin\u021bat\u0103 \u00een cadrul acestui program;<\/li><li>beneficiarii persoane fizice care \u00eenfiin\u021beaz\u0103 afaceri nu trebuie sa aib\u0103 calitatea de asocia\u021bi majoritari \u00een structura altor \u00eentreprinderi, la data semn\u0103rii contractului de subven\u021bie;<\/li><li>reprezentantul legal al \u00eentreprinderii nu a fost supus \u00een ultimii 3 ani unei condamn\u0103ri pronun\u021bate printr-o HJ definitiv\u0103 \u0219i irevocabil\u0103, din motive profesionale sau etic-profesionale, pentru fraud\u0103, corup\u021bie, implicare \u00een organiza\u021bii criminale sau \u00een alte activit\u0103\u021bi ilegale; <\/li><li>reprezentantul legal al \u00eentreprinderii nu furnizeaz\u0103 informa\u021bii false; <\/li><li>este direct responsabil\u0103 de preg\u0103tirea \u0219i implementarea planului de afaceri \u0219i nu ac\u021bioneaz\u0103 ca intermediar pentru proiectul propus a fi finan\u021bat; \u00a7 nu a fost subiectul unei decizii\/ ordin de recuperare a unui ajutor de stat\/ de minimis a Comisiei Europene\/ al unui alt furnizor de ajutor.<\/li><\/ul>\n","protected":false},"excerpt":{"rendered":"<p>firmele trebuie s\u0103 fie noi &#8211; se vor deschide numai dup\u0103 finalizarea concursului de planuri de afaceri de c\u0103tre c\u00e2\u0219tig\u0103tori; vor fi finan\u021bate doar firme care activeaz\u0103 \u00een sectoarele competitive identificate prin intermediul SNC sau care au \u00een vedere dezvoltarea \u00een domeniile \u0219i subdomeniile de dezvoltare inteligent\u0103 \u0219i s\u0103n\u0103tate identificate prin SNCDI (anexele 5 \u0219i [&hellip;]<\/p>\n","protected":false},"author":1,"featured_media":0,"parent":0,"menu_order":0,"comment_status":"closed","ping_status":"closed","template":"","meta":{"footnotes":""},"class_list":["post-65","page","type-page","status-publish","hentry"],"_links":{"self":[{"href":"https:\/\/ccigj.ro\/index.php?rest_route=\/wp\/v2\/pages\/65","targetHints":{"allow":["GET"]}}],"collection":[{"href":"https:\/\/ccigj.ro\/index.php?rest_route=\/wp\/v2\/pages"}],"about":[{"href":"https:\/\/ccigj.ro\/index.php?rest_route=\/wp\/v2\/types\/page"}],"author":[{"embeddable":true,"href":"https:\/\/ccigj.ro\/index.php?rest_route=\/wp\/v2\/users\/1"}],"replies":[{"embeddable":true,"href":"https:\/\/ccigj.ro\/index.php?rest_route=%2Fwp%2Fv2%2Fcomments&post=65"}],"version-history":[{"count":4,"href":"https:\/\/ccigj.ro\/index.php?rest_route=\/wp\/v2\/pages\/65\/revisions"}],"predecessor-version":[{"id":252,"href":"https:\/\/ccigj.ro\/index.php?rest_route=\/wp\/v2\/pages\/65\/revisions\/252"}],"wp:attachment":[{"href":"https:\/\/ccigj.ro\/index.php?rest_route=%2Fwp%2Fv2%2Fmedia&parent=65"}],"curies":[{"name":"wp","href":"https:\/\/api.w.org\/{rel}","templated":true}]}}