{"id":924,"date":"2022-11-22T12:10:45","date_gmt":"2022-11-22T12:10:45","guid":{"rendered":"https:\/\/ccigj.ro\/?page_id=924"},"modified":"2022-11-22T13:21:52","modified_gmt":"2022-11-22T13:21:52","slug":"alpha-active-construct-srl","status":"publish","type":"page","link":"https:\/\/ccigj.ro\/?page_id=924","title":{"rendered":"ALPHA ACTIVE CONSTRUCT SRL"},"content":{"rendered":"\n<figure class=\"wp-block-table\"><table><tbody><tr><td>Denumire firm\u0103<br><\/td><td>ALPHA ACTIVE CONSTRUCT SRL<\/td><\/tr><tr><td>Cod unic de \u00eenregistrare<\/td><td>46295406<\/td><\/tr><tr><td>Adresa<\/td><td>Sat Racovita, com. Budesti, str. Principala, nr.101, Valcea<\/td><\/tr><tr><td><\/td><td><\/td><\/tr><tr><td>Persoana de contact<\/td><td>B\u0102RBULESCU ALEXANDRU<\/td><\/tr><tr><td>Func\u021bia<\/td><td>Administrator<\/td><\/tr><tr><td>E-mail<\/td><td>alica7_vl@yahoo.com<\/td><\/tr><tr><td><\/td><td><\/td><\/tr><tr><td>Domeniul de activitate principal<\/td><td>4312 Lucrari de pregatire a terenului<\/td><\/tr><tr><td>Domenii de activitate secundare<\/td><td>4311 Lucrari de demolare a construc\u021biilor<br>4120 Lucrari de construc\u021bii a cladirilor rezidentiale si nerezidentiale<\/td><\/tr><tr><td><\/td><td><\/td><\/tr><tr><td>Ofert\u0103 de<\/td><td>Servicii x<\/td><\/tr><tr><td>Lista principalelor produse realizate\/servicii prestate<\/td><td>Firma executa urmatoarele lucrari de pregatire a terenurior pentru constructii:<br>&#8211; Sapaturi pentru fundatii, pentru constructii civile sau industriale de dimensiuni mici<br>&#8211; Sapaturi pentru alimentari cu apa si canalizari<br>&#8211; Amenajari de teren (nivelare, amenajare gradini, taluzare, delcomatare, etc.)<br>&#8211; Pregatire de drumuri de acces, trotuare, rigole si alte lucrari mici<br>&#8211; Demolari de constructii mici (nu constructii industriale, ci cladiri mici), Piconare<br>&#8211; Sapaturi pentru lucrari de drenaj si altele asimilate acestora<br>&#8211; Excavatii sau sapaturi mecanizate<\/td><\/tr><\/tbody><\/table><\/figure>\n\n\n\n<figure class=\"wp-block-image size-large\"><img loading=\"lazy\" decoding=\"async\" width=\"1024\" height=\"768\" src=\"https:\/\/ccigj.ro\/wp-content\/uploads\/2022\/10\/poster-program1_Page_07-1024x768.png\" alt=\"\" class=\"wp-image-700\" srcset=\"https:\/\/ccigj.ro\/wp-content\/uploads\/2022\/10\/poster-program1_Page_07-1024x768.png 1024w, https:\/\/ccigj.ro\/wp-content\/uploads\/2022\/10\/poster-program1_Page_07-300x225.png 300w, https:\/\/ccigj.ro\/wp-content\/uploads\/2022\/10\/poster-program1_Page_07-768x576.png 768w, https:\/\/ccigj.ro\/wp-content\/uploads\/2022\/10\/poster-program1_Page_07-800x600.png 800w, https:\/\/ccigj.ro\/wp-content\/uploads\/2022\/10\/poster-program1_Page_07-1200x900.png 1200w, https:\/\/ccigj.ro\/wp-content\/uploads\/2022\/10\/poster-program1_Page_07.png 1358w\" sizes=\"auto, (max-width: 1024px) 100vw, 1024px\" \/><\/figure>\n","protected":false},"excerpt":{"rendered":"<p>Denumire firm\u0103 ALPHA ACTIVE CONSTRUCT SRL Cod unic de \u00eenregistrare 46295406 Adresa Sat Racovita, com. Budesti, str. Principala, nr.101, Valcea Persoana de contact B\u0102RBULESCU ALEXANDRU Func\u021bia Administrator E-mail alica7_vl@yahoo.com Domeniul de activitate principal 4312 Lucrari de pregatire a terenului Domenii de activitate secundare 4311 Lucrari de demolare a construc\u021biilor4120 Lucrari de construc\u021bii a cladirilor rezidentiale [&hellip;]<\/p>\n","protected":false},"author":1,"featured_media":0,"parent":862,"menu_order":6,"comment_status":"closed","ping_status":"closed","template":"","meta":{"footnotes":""},"class_list":["post-924","page","type-page","status-publish","hentry"],"_links":{"self":[{"href":"https:\/\/ccigj.ro\/index.php?rest_route=\/wp\/v2\/pages\/924","targetHints":{"allow":["GET"]}}],"collection":[{"href":"https:\/\/ccigj.ro\/index.php?rest_route=\/wp\/v2\/pages"}],"about":[{"href":"https:\/\/ccigj.ro\/index.php?rest_route=\/wp\/v2\/types\/page"}],"author":[{"embeddable":true,"href":"https:\/\/ccigj.ro\/index.php?rest_route=\/wp\/v2\/users\/1"}],"replies":[{"embeddable":true,"href":"https:\/\/ccigj.ro\/index.php?rest_route=%2Fwp%2Fv2%2Fcomments&post=924"}],"version-history":[{"count":2,"href":"https:\/\/ccigj.ro\/index.php?rest_route=\/wp\/v2\/pages\/924\/revisions"}],"predecessor-version":[{"id":961,"href":"https:\/\/ccigj.ro\/index.php?rest_route=\/wp\/v2\/pages\/924\/revisions\/961"}],"up":[{"embeddable":true,"href":"https:\/\/ccigj.ro\/index.php?rest_route=\/wp\/v2\/pages\/862"}],"wp:attachment":[{"href":"https:\/\/ccigj.ro\/index.php?rest_route=%2Fwp%2Fv2%2Fmedia&parent=924"}],"curies":[{"name":"wp","href":"https:\/\/api.w.org\/{rel}","templated":true}]}}