{"id":930,"date":"2022-11-22T12:44:35","date_gmt":"2022-11-22T12:44:35","guid":{"rendered":"https:\/\/ccigj.ro\/?page_id=930"},"modified":"2022-11-22T13:32:39","modified_gmt":"2022-11-22T13:32:39","slug":"happy-events-c-s-o-srl","status":"publish","type":"page","link":"https:\/\/ccigj.ro\/?page_id=930","title":{"rendered":"HAPPY EVENTS C.S.O. SRL"},"content":{"rendered":"\n<figure class=\"wp-block-table\"><table><tbody><tr><td>Denumire firm\u0103<br><\/td><td>HAPPY EVENTS C.S.O. SRL<\/td><\/tr><tr><td>Cod unic de \u00eenregistrare<\/td><td>46315384<\/td><\/tr><tr><td>Adresa<\/td><td>Sat Preajba, com Malu Mare, str Platanului, nr 40, Dolj<\/td><\/tr><tr><td><\/td><td><\/td><\/tr><tr><td>Persoana de contact<\/td><td>COTIG\u0102 OLIVIA &#8211; LAURA<\/td><\/tr><tr><td>Func\u021bia<\/td><td>Administrator<\/td><\/tr><tr><td>E-mail<\/td><td>oliviacotiga@gmail.com<\/td><\/tr><tr><td><\/td><td><\/td><\/tr><tr><td>Domeniul de activitate principal<\/td><td>7420 Activitati fotografice<\/td><\/tr><tr><td>Domenii de activitate secundare<\/td><td>5819 Alte activit\u0103\u021bi de editare<br>4799 Comer\u021b cu am\u0103nuntul efectuat in afara magazinelor, standurilor, chio\u0219curilor si pie\u021belor<\/td><\/tr><tr><td><\/td><td><\/td><\/tr><tr><td>Ofert\u0103 de<\/td><td>Servicii x<\/td><\/tr><tr><td>Lista principalelor produse realizate\/servicii prestate<\/td><td>A. Pachete fotografie<br>1) Fotografie eveniment \u2013 Nunta<br>2) Fotografie eveniment \u2013 Botez<br>3) Fotografii petrecere privata<br>4) Serbari\/diferite evenimente scolare<br>5) Fotografie de produs<br>6) Servicii fotografice cu cabina foto<br>B. Pachete video<br>1) Servicii video cu Platforma video 360\u2070 Selfie<br>2)Video eveniment \u2013 Nunta<br>3)Video eveniment \u2013 Botez<\/td><\/tr><\/tbody><\/table><\/figure>\n\n\n\n<figure class=\"wp-block-image size-large\"><img loading=\"lazy\" decoding=\"async\" width=\"1024\" height=\"768\" src=\"https:\/\/ccigj.ro\/wp-content\/uploads\/2022\/10\/poster-program1_Page_09-1024x768.png\" alt=\"\" class=\"wp-image-702\" srcset=\"https:\/\/ccigj.ro\/wp-content\/uploads\/2022\/10\/poster-program1_Page_09-1024x768.png 1024w, https:\/\/ccigj.ro\/wp-content\/uploads\/2022\/10\/poster-program1_Page_09-300x225.png 300w, https:\/\/ccigj.ro\/wp-content\/uploads\/2022\/10\/poster-program1_Page_09-768x576.png 768w, https:\/\/ccigj.ro\/wp-content\/uploads\/2022\/10\/poster-program1_Page_09-800x600.png 800w, https:\/\/ccigj.ro\/wp-content\/uploads\/2022\/10\/poster-program1_Page_09-1200x900.png 1200w, https:\/\/ccigj.ro\/wp-content\/uploads\/2022\/10\/poster-program1_Page_09.png 1358w\" sizes=\"auto, (max-width: 1024px) 100vw, 1024px\" \/><\/figure>\n","protected":false},"excerpt":{"rendered":"<p>Denumire firm\u0103 HAPPY EVENTS C.S.O. SRL Cod unic de \u00eenregistrare 46315384 Adresa Sat Preajba, com Malu Mare, str Platanului, nr 40, Dolj Persoana de contact COTIG\u0102 OLIVIA &#8211; LAURA Func\u021bia Administrator E-mail oliviacotiga@gmail.com Domeniul de activitate principal 7420 Activitati fotografice Domenii de activitate secundare 5819 Alte activit\u0103\u021bi de editare4799 Comer\u021b cu am\u0103nuntul efectuat in afara [&hellip;]<\/p>\n","protected":false},"author":1,"featured_media":0,"parent":862,"menu_order":8,"comment_status":"closed","ping_status":"closed","template":"","meta":{"footnotes":""},"class_list":["post-930","page","type-page","status-publish","hentry"],"_links":{"self":[{"href":"https:\/\/ccigj.ro\/index.php?rest_route=\/wp\/v2\/pages\/930","targetHints":{"allow":["GET"]}}],"collection":[{"href":"https:\/\/ccigj.ro\/index.php?rest_route=\/wp\/v2\/pages"}],"about":[{"href":"https:\/\/ccigj.ro\/index.php?rest_route=\/wp\/v2\/types\/page"}],"author":[{"embeddable":true,"href":"https:\/\/ccigj.ro\/index.php?rest_route=\/wp\/v2\/users\/1"}],"replies":[{"embeddable":true,"href":"https:\/\/ccigj.ro\/index.php?rest_route=%2Fwp%2Fv2%2Fcomments&post=930"}],"version-history":[{"count":2,"href":"https:\/\/ccigj.ro\/index.php?rest_route=\/wp\/v2\/pages\/930\/revisions"}],"predecessor-version":[{"id":964,"href":"https:\/\/ccigj.ro\/index.php?rest_route=\/wp\/v2\/pages\/930\/revisions\/964"}],"up":[{"embeddable":true,"href":"https:\/\/ccigj.ro\/index.php?rest_route=\/wp\/v2\/pages\/862"}],"wp:attachment":[{"href":"https:\/\/ccigj.ro\/index.php?rest_route=%2Fwp%2Fv2%2Fmedia&parent=930"}],"curies":[{"name":"wp","href":"https:\/\/api.w.org\/{rel}","templated":true}]}}